{"id":6682,"date":"2022-09-14T00:49:47","date_gmt":"2022-09-14T00:49:47","guid":{"rendered":"https:\/\/farmaciafamvida.com\/index.php\/product\/cintaseda-no-1-12-pzs-2-5cmx10mcintas-adherentes-medicas-o-quirurgicas-para-uso-general\/"},"modified":"2022-09-14T05:00:04","modified_gmt":"2022-09-14T05:00:04","slug":"cintaseda-no-1-12-pzs-2-5cmx10mcintas-adherentes-medicas-o-quirurgicas-para-uso-general","status":"publish","type":"product","link":"https:\/\/farmaciafamvida.com\/index.php\/product\/cintaseda-no-1-12-pzs-2-5cmx10mcintas-adherentes-medicas-o-quirurgicas-para-uso-general\/","title":{"rendered":"CINTASEDA NO. 1 (12 PZS 2.5CMx10M)(CINTAS ADHERENTES M\u00c9DICAS O QUIR\u00daRGICAS PARA USO GENERAL)"},"content":{"rendered":"<p>CINTASEDA NO. 1 (12 PZS 2.5CMx10M)(CINTAS ADHERENTES M\u00c9DICAS O QUIR\u00daRGICAS PARA USO GENERAL)<\/p>\n","protected":false},"excerpt":{"rendered":"<p>CINTASEDA NO. 1 (12 PZS 2.5CMx10M)(CINTAS ADHERENTES M\u00c9DICAS O QUIR\u00daRGICAS PARA USO GENERAL)<\/p>\n","protected":false},"featured_media":0,"comment_status":"open","ping_status":"closed","template":"","meta":{"om_disable_all_campaigns":false,"_monsterinsights_skip_tracking":false,"_monsterinsights_sitenote_active":false,"_monsterinsights_sitenote_note":"","_monsterinsights_sitenote_category":0,"site-sidebar-layout":"default","site-content-layout":"default","ast-global-header-display":"","ast-main-header-display":"","ast-hfb-above-header-display":"","ast-hfb-below-header-display":"","ast-hfb-mobile-header-display":"","site-post-title":"","ast-breadcrumbs-content":"","ast-featured-img":"","footer-sml-layout":"","theme-transparent-header-meta":"","adv-header-id-meta":"","stick-header-meta":"","header-above-stick-meta":"","header-main-stick-meta":"","header-below-stick-meta":""},"product_cat":[15],"product_tag":[],"aioseo_notices":[],"_links":{"self":[{"href":"https:\/\/farmaciafamvida.com\/index.php\/wp-json\/wp\/v2\/product\/6682"}],"collection":[{"href":"https:\/\/farmaciafamvida.com\/index.php\/wp-json\/wp\/v2\/product"}],"about":[{"href":"https:\/\/farmaciafamvida.com\/index.php\/wp-json\/wp\/v2\/types\/product"}],"replies":[{"embeddable":true,"href":"https:\/\/farmaciafamvida.com\/index.php\/wp-json\/wp\/v2\/comments?post=6682"}],"wp:attachment":[{"href":"https:\/\/farmaciafamvida.com\/index.php\/wp-json\/wp\/v2\/media?parent=6682"}],"wp:term":[{"taxonomy":"product_cat","embeddable":true,"href":"https:\/\/farmaciafamvida.com\/index.php\/wp-json\/wp\/v2\/product_cat?post=6682"},{"taxonomy":"product_tag","embeddable":true,"href":"https:\/\/farmaciafamvida.com\/index.php\/wp-json\/wp\/v2\/product_tag?post=6682"}],"curies":[{"name":"wp","href":"https:\/\/api.w.org\/{rel}","templated":true}]}}