{"id":5421,"date":"2022-09-14T00:44:51","date_gmt":"2022-09-14T00:44:51","guid":{"rendered":"https:\/\/farmaciafamvida.com\/index.php\/product\/suevelastica-max-panal-bebe-mediano-etappanal-desechable\/"},"modified":"2022-09-14T04:58:06","modified_gmt":"2022-09-14T04:58:06","slug":"suevelastica-max-panal-bebe-mediano-etappanal-desechable","status":"publish","type":"product","link":"https:\/\/farmaciafamvida.com\/index.php\/product\/suevelastica-max-panal-bebe-mediano-etappanal-desechable\/","title":{"rendered":"SUEVELASTICA MAX PA\u00d1AL BEBE MEDIANO ETAP(PA\u00d1AL DESECHABLE)"},"content":{"rendered":"<p>SUEVELASTICA MAX PA\u00d1AL BEBE MEDIANO ETAP(PA\u00d1AL DESECHABLE)<\/p>\n","protected":false},"excerpt":{"rendered":"<p>SUEVELASTICA MAX PA\u00d1AL BEBE MEDIANO ETAP(PA\u00d1AL DESECHABLE)<\/p>\n","protected":false},"featured_media":0,"comment_status":"open","ping_status":"closed","template":"","meta":{"om_disable_all_campaigns":false,"_monsterinsights_skip_tracking":false,"_monsterinsights_sitenote_active":false,"_monsterinsights_sitenote_note":"","_monsterinsights_sitenote_category":0,"site-sidebar-layout":"default","site-content-layout":"default","ast-global-header-display":"","ast-main-header-display":"","ast-hfb-above-header-display":"","ast-hfb-below-header-display":"","ast-hfb-mobile-header-display":"","site-post-title":"","ast-breadcrumbs-content":"","ast-featured-img":"","footer-sml-layout":"","theme-transparent-header-meta":"","adv-header-id-meta":"","stick-header-meta":"","header-above-stick-meta":"","header-main-stick-meta":"","header-below-stick-meta":""},"product_cat":[15],"product_tag":[],"aioseo_notices":[],"_links":{"self":[{"href":"https:\/\/farmaciafamvida.com\/index.php\/wp-json\/wp\/v2\/product\/5421"}],"collection":[{"href":"https:\/\/farmaciafamvida.com\/index.php\/wp-json\/wp\/v2\/product"}],"about":[{"href":"https:\/\/farmaciafamvida.com\/index.php\/wp-json\/wp\/v2\/types\/product"}],"replies":[{"embeddable":true,"href":"https:\/\/farmaciafamvida.com\/index.php\/wp-json\/wp\/v2\/comments?post=5421"}],"wp:attachment":[{"href":"https:\/\/farmaciafamvida.com\/index.php\/wp-json\/wp\/v2\/media?parent=5421"}],"wp:term":[{"taxonomy":"product_cat","embeddable":true,"href":"https:\/\/farmaciafamvida.com\/index.php\/wp-json\/wp\/v2\/product_cat?post=5421"},{"taxonomy":"product_tag","embeddable":true,"href":"https:\/\/farmaciafamvida.com\/index.php\/wp-json\/wp\/v2\/product_tag?post=5421"}],"curies":[{"name":"wp","href":"https:\/\/api.w.org\/{rel}","templated":true}]}}